{"id":13,"date":"2012-12-02T18:37:24","date_gmt":"2012-12-02T17:37:24","guid":{"rendered":"http:\/\/sscmsimon.altervista.org\/?page_id=13"},"modified":"2026-03-17T10:24:15","modified_gmt":"2026-03-17T09:24:15","slug":"vieni-in-palestina","status":"publish","type":"page","link":"https:\/\/reteitalianaism.it\/reteism\/index.php\/vieni-in-palestina\/","title":{"rendered":"Unirsi all&#8217;ISM"},"content":{"rendered":"<p><span class=\"jCAhz ChMk0b\"><span class=\"ryNqvb\">Se sei interessato a saperne di pi\u00f9 su come partecipare al lavoro sul campo in Palestina, \u201cahlan wa sahlan\u201d (in arabo \u201cbenvenuto\u201d).<\/span><\/span><\/p>\n<p><em><span class=\"jCAhz ChMk0b\"><span class=\"ryNqvb\">Se sei un ex volontario di ISM e desideri tornare in Palestina con ISM, ti rimandiamo a questo <a href=\"https:\/\/palsolidarity.org\/returning-volunteers\/\">link.<\/a> (in inglese).<\/span><\/span><\/em><\/p>\n<p><strong>***Informazione importante***<\/strong><\/p>\n<p>Per unirti al gruppo ISM sul campo, \u00e8 necessario frequentare un training prima di partire e uno di due giorni sul campo in Cisgiordania.<\/p>\n<p>Il training pre-partenza pu\u00f2 essere svolto di persona con il gruppo italiano se ce ne sono in programma (posteremo eventuali aggiornamenti sulla <a href=\"https:\/\/www.facebook.com\/ReteItalianaIsm\">pagina FB<\/a>); in alternativa si pu\u00f2 partecipare ai training online &#8211; per questi ti rimandiamo alla <a href=\"https:\/\/palsolidarity.org\/join\/\">pagina internazionale\/generale<\/a> , oppure puoi contattarci via mail a <span class=\"jCAhz\"><span class=\"ryNqvb\"><em>italianism@inventati.org <\/em>oppure a <em>ismtraining@riseup.net <\/em>(a questa, ti chiediamo di scrivere in inglese).<\/span><\/span><\/p>\n<p><span class=\"jCAhz ChMk0b\"><span class=\"ryNqvb\">Attualmente, ISM \u00e8 presente in Cisgiordania e abbiamo bisogno di pi\u00f9 persone possibili sul campo, poich\u00e9 molti villaggi sono minacciati da violenze e distruzione.<\/span><\/span> <span class=\"jCAhz ChMk0b\"><span class=\"ryNqvb\">Si tratta di un lavoro fondamentale.<\/span><\/span><\/p>\n<p><span class=\"jCAhz ChMk0b\"><span class=\"ryNqvb\">Al momento, il nostro obiettivo \u00e8 fornire una presenza solidale per scoraggiare gli attacchi da parte di coloni o soldati.<\/span><\/span> <span class=\"jCAhz ChMk0b\"><span class=\"ryNqvb\">Lavoriamo per disincentivare e documentare minacce, attacchi e altre violazioni dei diritti umani.<\/span><\/span> <span class=\"jCAhz ChMk0b\"><span class=\"ryNqvb\">Lavoriamo in modo collaborativo, condividiamo il potere decisionale, ci impegniamo a rispettare i principi anti-oppressione e adottiamo un approccio non violento.<\/span><\/span><\/p>\n<p><span class=\"jCAhz ChMk0b\"><span class=\"ryNqvb\">Se sei interessato a unirti a noi, ci piacerebbe sapere qualcosa su di te.<\/span><\/span> <span class=\"jCAhz ChMk0b\"><span class=\"ryNqvb\">Prima di procedere con la richiesta, ti chiediamo di dare un&#8217;occhiata al nostro <a href=\"https:\/\/palsolidarity.org\/\">sito web<\/a> (palestinese\/internazionale, in inglese) per capire cosa fa ISM.<\/span><\/span><\/p>\n<p><span class=\"jCAhz\"><span class=\"ryNqvb\">Puoi trovare altre risorse (in inglese) anche <a href=\"https:\/\/cryptpad.fr\/pad\/#\/2\/pad\/view\/sv1tJmTkObRS1QN+bHiuHccU8UGpAxWC2xHsQu9YY58\/\">qui<\/a>.<\/span><\/span><\/p>\n<p><span class=\"jCAhz ChMk0b\"><span class=\"ryNqvb\">Se desideri procedere, \u00e8 importante per noi conoscere qualcosa di te, delle tue esperienze e delle motivazioni che ti spingono a unirti all&#8217;ISM in Palestina, per capire se possiamo collaborare bene.<\/span><\/span><span class=\"jCAhz ChMk0b\"><span class=\"ryNqvb\"> Ti preghiamo di rispondere alle domande di <a href=\"https:\/\/palsolidarity.org\/join\/\">questo modulo<\/a> (in inglese) in modo accurato e completo <\/span><\/span><span class=\"jCAhz ChMk0b\"><span class=\"ryNqvb\">e di rispondere alle domande obbligatorie (contrassegnate da un asterisco rosso) con un minimo di 3-5 frasi.<\/span><\/span><\/p>\n<p><span class=\"jCAhz ChMk0b\"><span class=\"ryNqvb\">La tua candidatura potrebbe essere respinta o potresti ricevere richieste di ulteriori chiarimenti se le tue risposte sono troppo brevi o incomplete.<\/span><\/span><\/p>\n<p><span class=\"jCAhz JpY6Fd\"><span class=\"ryNqvb\">Se la lingua rappresenta un ostacolo, puoi utilizzare un&#8217;app di traduzione (come Deepl o Google Traduttore), indicare nella tua candidatura che preferisci inviare le tue risposte in modo sicuro tramite una registrazione video o vocale.<\/span><\/span><\/p>\n<p><span class=\"jCAhz JpY6Fd\"><span class=\"ryNqvb\">In alternativa, contattaci alla email del gruppo italiano (<\/span><\/span><em>italianism@inventati.org) <\/em>o sulla nostra <a href=\"https:\/\/www.facebook.com\/ReteItalianaIsm\">pagina FB<\/a><\/p>\n<p><span class=\"jCAhz\"><span class=\"ryNqvb\">Avrai sicuramente molte domande da farci.<\/span><\/span> <span class=\"jCAhz\"><span class=\"ryNqvb\">Ad alcune troverai risposta in questo modulo di candidatura.<\/span><\/span> <span class=\"jCAhz JpY6Fd\"><span class=\"ryNqvb\">A molte altre risponderemo durante la formazione e nel materiale che riceverai.<\/span><\/span><\/p>\n<p><span class=\"jCAhz\"><span class=\"ryNqvb\">Se ritieni importante avere maggiori informazioni prima di compilare la domanda, puoi contattarci all&#8217;indirizzo email del gruppo italiano (<em>italianism@inventati.org) <\/em>o a quello\u00a0 generale che si occupa del training (a questo, per favore, puoi scrivere in inglese) <em>ismtraining@riseup.net<\/em>.<\/span><\/span><\/p>\n<p><span class=\"jCAhz ChMk0b\"><span class=\"ryNqvb\">Se non ricevi una nostra risposta entro due settimane dall&#8217;invio della domanda, ti preghiamo di ri-contattarci via email.<\/span><\/span><\/p>\n<p>In solidariet\u00e0,<br \/>\nRete Italiana ISM<\/p>\n","protected":false},"excerpt":{"rendered":"<p>Se sei interessato a saperne di pi\u00f9 su come partecipare al lavoro sul campo in Palestina, \u201cahlan wa sahlan\u201d (in arabo \u201cbenvenuto\u201d). Se sei un ex volontario di ISM e desideri tornare in Palestina con ISM, ti rimandiamo a questo &hellip; <a href=\"https:\/\/reteitalianaism.it\/reteism\/index.php\/vieni-in-palestina\/\">Continue reading <span class=\"meta-nav\">&rarr;<\/span><\/a><\/p>\n","protected":false},"author":5,"featured_media":0,"parent":0,"menu_order":0,"comment_status":"closed","ping_status":"closed","template":"onecolumn-page.php","meta":{"footnotes":""},"class_list":["post-13","page","type-page","status-publish","hentry"],"_links":{"self":[{"href":"https:\/\/reteitalianaism.it\/reteism\/index.php\/wp-json\/wp\/v2\/pages\/13","targetHints":{"allow":["GET"]}}],"collection":[{"href":"https:\/\/reteitalianaism.it\/reteism\/index.php\/wp-json\/wp\/v2\/pages"}],"about":[{"href":"https:\/\/reteitalianaism.it\/reteism\/index.php\/wp-json\/wp\/v2\/types\/page"}],"author":[{"embeddable":true,"href":"https:\/\/reteitalianaism.it\/reteism\/index.php\/wp-json\/wp\/v2\/users\/5"}],"replies":[{"embeddable":true,"href":"https:\/\/reteitalianaism.it\/reteism\/index.php\/wp-json\/wp\/v2\/comments?post=13"}],"version-history":[{"count":14,"href":"https:\/\/reteitalianaism.it\/reteism\/index.php\/wp-json\/wp\/v2\/pages\/13\/revisions"}],"predecessor-version":[{"id":23775,"href":"https:\/\/reteitalianaism.it\/reteism\/index.php\/wp-json\/wp\/v2\/pages\/13\/revisions\/23775"}],"wp:attachment":[{"href":"https:\/\/reteitalianaism.it\/reteism\/index.php\/wp-json\/wp\/v2\/media?parent=13"}],"curies":[{"name":"wp","href":"https:\/\/api.w.org\/{rel}","templated":true}]}}