{"id":9,"date":"2012-12-01T19:24:59","date_gmt":"2012-12-01T18:24:59","guid":{"rendered":"http:\/\/sscmsimon.altervista.org\/?page_id=9"},"modified":"2017-09-11T18:11:10","modified_gmt":"2017-09-11T16:11:10","slug":"chi-siamo","status":"publish","type":"page","link":"https:\/\/reteitalianaism.it\/reteism\/index.php\/chi-siamo\/","title":{"rendered":"Chi siamo"},"content":{"rendered":"<p><a href=\"http:\/\/reteitalianaism.it\/reteism\/wp-content\/uploads\/2012\/12\/palestine036.gif\"><img loading=\"lazy\" decoding=\"async\" class=\"wp-image-1824 alignleft\" title=\"palestine036\" src=\"http:\/\/reteitalianaism.it\/reteism\/wp-content\/uploads\/2012\/12\/palestine036.gif\" alt=\"\" width=\"273\" height=\"377\" \/><\/a>Siamo una rete di persone che hanno svolto un\u2019esperienza di attivismo in Palestina con l\u2019ISM (International Solidarity Movement) o che hanno intenzione di partire per farla.<\/p>\n<p style=\"text-align: left;\">Abbiamo deciso di metterci in rete con lo scopo di dare l\u2019opportunit\u00e0 a pi\u00f9 gente possibile di recarsi in Palestina come difensori per i diritti umani; inoltre ci impegniamo a diffondere il pi\u00f9 possibile notizie sulla Palestina e a fare informazione sulla verit\u00e0 dell\u2019occupazione sionista.<\/p>\n<p style=\"text-align: left;\">In quanto rete raggruppiamo attivisti\/e italiani\/e provenienti dalle pi\u00f9 svariate esperienze.<\/p>\n<p style=\"text-align: left;\"><strong>Non siamo e non vogliamo essere un gruppo omogeneo, ma semplicemente una rete di individui, tenuta insieme dal bisogno di giustizia e libert\u00e0 per tutti e tutte.<\/strong><\/p>\n<p style=\"text-align: left;\"><strong>Siamo antirazzisti\/e e quindi antisioniste\/i.<\/strong><\/p>\n<p style=\"text-align: left;\">L\u2019ISM (International Solidarity Movement) \u00e8 un movimento internazionale nato nel 2001, che\u00a0<strong>supporta la lotta di liberazione palestinese con la pratica della nonviolenza attiva.<\/strong><\/p>\n<p style=\"text-align: left;\">Esso si basa su quattro principi:<\/p>\n<ul style=\"text-align: left;\">\n<li><strong>Guida Palestinese:<\/strong>\u00a0sono i palestinesi dell\u2019 ISM a proporci iniziative, che portiamo avanti assieme a loro. Cos\u00ec come loro, anche noi non prendiamo posizione nei confronti dei vari partiti palestinesi, non forniamo supporto a nessun partito o governo palestinese.<\/li>\n<li><strong>Azioni nonviolente:<\/strong>\u00a0come internazionali prendiamo parte solo ad azioni di resistenza nonviolente. Non prendiamo posizione sui metodi di resistenza che i palestinesi decidono di mettere in campo.<\/li>\n<li><strong>Metodo del consenso:<\/strong>\u00a0le decisioni all\u2019interno del movimento vengono prese tramite il metodo del consenso, prima all\u2019interno dei gruppi di affinit\u00e0 e poi anche nelle assemblee generali.<\/li>\n<li><strong>Contro ogni forma di discriminazione: <\/strong>l&#8217;ISM si oppone ad ogni forma di intolleranza e sostiene la piena eguaglianza tra le persone. All&#8217;interno di ISM non viene accettato alcun tipo di oppressione e discriminazione basate su etnia, aspetto fisico, sesso, sessualit\u00e0, et\u00e0, religione o altro.<\/li>\n<\/ul>\n<p style=\"text-align: left;\">Gli attivisti ISM sono contrari a qualsiasi forma di pregiudizio, qualunque sia la vittima. Si oppongono ad ogni forma di intolleranza, sia essa basata sull&#8217;etnia, sull&#8217;apparenza fisica, origine, genere, sessualit\u00e0, abilit\u00e0 fisiche, et\u00e0, religione. Essi sostengono la completa uguaglianza di tutti e per questo prendono una posizione molto forte contro l&#8217;anti-semitismo, l&#8217;islamofobia e il sionismo.<\/p>\n<p style=\"text-align: left;\">In Palestina,\u00a0le attivit\u00e0 dell\u2019ISM sono principalmente:\u00a0partecipazione a manifestazioni popolari, sia con i Comitati Popolari per la resistenza nonviolenta sia con altre associazioni e movimenti;\u00a0accompagnamenti di contadini e pescatori;\u00a0presenza nei Territori Occupati come deterrente per evitare violenze da parte dei coloni e dell\u2019esercito di occupazione israeliano e in particolare\u00a0nei luoghi dove sono in corso o sono avvenute demolizioni di case o\u00a0evacuazione di palestinesi;\u00a0diffusione\u00a0di informazioni su cosa sta accadendo nei Territori Palestinesi Occupati e messa in pratica di tutte le diverse forme che la\u00a0<strong>solidariet\u00e0 attiva<\/strong>\u00a0pu\u00f2 assumere.<\/p>\n<p style=\"text-align: left;\">Di seguito il nostro ufficiale riconoscimento da parte di ISM Palestine:<\/p>\n<div style=\"text-align: left;\">\n<p><em>Dear supporters of Justice in Palestine,<\/em><br \/>\n<em>We are very happy to introduce you to the Italian support group of the International solidarity movement (ISM) in Italy, Rete Italiana ISM. Our support group can be reached at italianism@inventati.org<\/em><br \/>\n<em>We would appreciate if you refer Italians who are interested in joining ISM in Palestine to them. The official website is : <a href=\"http:\/\/www.reteitalianaism.it\">http:\/\/www.reteitalianaism.it<\/a><\/em><br \/>\n<em>We are looking forward to cooperating with you.<\/em><br \/>\n<em>In solidarity,<\/em><br \/>\n<em>The ISM core group<\/em><\/p>\n<p style=\"text-align: right;\"><em>\u0627\u0639\u0632\u0627\u0626\u064a \u0645\u0633\u0627\u0646\u062f\u064a\u0646 \u0627\u0644\u0639\u062f\u0627\u0644\u0647 \u0641\u064a \u0641\u0644\u0633\u0637\u064a\u0646<\/em><br \/>\n<em>\u0646\u062d\u0646 \u0633\u0639\u062f\u0627\u0621 \u0628\u0627\u0646 \u0646\u0642\u062f\u0645 \u0644\u0643\u0645 \u0645\u062c\u0645\u0648\u0639\u0647 \u0627\u0644\u0645\u0633\u0627\u0646\u062f\u0647 \u0627\u0644\u0627\u064a\u0637\u0627\u0644\u064a\u0647 \u0644\u062a\u0636\u0627\u0645\u0646 \u0627\u0644\u062f\u0648\u0644\u064a \u0641\u064a \u0627\u064a\u0637\u0627\u0644\u064a\u0647<\/em><br \/>\n<em>rete italiana ism \u064a\u0645\u0643\u0646 \u0627\u0644\u062a\u0648\u0627\u0635\u0644 \u0645\u0639 \u0627\u0644\u0645\u062c\u0645\u0648\u0639\u0647 \u0627\u0644\u0645\u0633\u0627\u0646\u062f\u0647 \u0639\u0644\u0649italianism@inventati.org \u0646\u062a\u0637\u0644\u0639 \u0644\u062a\u0639\u0627\u0648\u0646 \u0645\u0639\u0643\u0645<\/em><br \/>\n<em>\u0627\u0644\u0645\u062c\u0645\u0648\u0639\u0647 \u0627\u0644\u0627\u0633\u0627\u0633\u064a\u0647 \u0644\u062a\u0636\u0627\u0645\u0646 \u0627\u0644\u062f\u0648\u0644\u064a.<\/em><\/p>\n<p><em>Cari sostenitori della giustizia in Palestina,<\/em><br \/>\n<em>siamo lieti di presentarvi il gruppo di supporto italiano all\u2019International Solidarity Movement (ISM) in Italia, Rete Italiana ISM.<\/em><br \/>\n<em>Potete contattare il nostro gruppo di supporto a italianism@inventati.org<\/em><br \/>\n<em>Saremmo lieti che indirizzaste a loro chiunque fosse interessato a raggiungere ISM in Palestina. Il sito web ufficiale e\u2019:<\/em><br \/>\n<em><a href=\"http:\/\/www.reteitalianaism.it\">http:\/\/www.reteitalianaism.it<\/a><\/em><br \/>\n<em>Contiamo sulla vostra collaborazione.<\/em><br \/>\n<em>In solidarieta\u2019,<\/em><br \/>\n<em>Il core group ISM<\/em><\/p>\n<\/div>\n<p style=\"text-align: left;\"><strong>Rete Italiana ISM<\/strong><\/p>\n","protected":false},"excerpt":{"rendered":"<p>Siamo una rete di persone che hanno svolto un\u2019esperienza di attivismo in Palestina con l\u2019ISM (International Solidarity Movement) o che hanno intenzione di partire per farla. Abbiamo deciso di metterci in rete con lo scopo di dare l\u2019opportunit\u00e0 a pi\u00f9 &hellip; <a href=\"https:\/\/reteitalianaism.it\/reteism\/index.php\/chi-siamo\/\">Continue reading <span class=\"meta-nav\">&rarr;<\/span><\/a><\/p>\n","protected":false},"author":5,"featured_media":0,"parent":0,"menu_order":0,"comment_status":"closed","ping_status":"closed","template":"onecolumn-page.php","meta":{"footnotes":""},"class_list":["post-9","page","type-page","status-publish","hentry"],"_links":{"self":[{"href":"https:\/\/reteitalianaism.it\/reteism\/index.php\/wp-json\/wp\/v2\/pages\/9","targetHints":{"allow":["GET"]}}],"collection":[{"href":"https:\/\/reteitalianaism.it\/reteism\/index.php\/wp-json\/wp\/v2\/pages"}],"about":[{"href":"https:\/\/reteitalianaism.it\/reteism\/index.php\/wp-json\/wp\/v2\/types\/page"}],"author":[{"embeddable":true,"href":"https:\/\/reteitalianaism.it\/reteism\/index.php\/wp-json\/wp\/v2\/users\/5"}],"replies":[{"embeddable":true,"href":"https:\/\/reteitalianaism.it\/reteism\/index.php\/wp-json\/wp\/v2\/comments?post=9"}],"version-history":[{"count":11,"href":"https:\/\/reteitalianaism.it\/reteism\/index.php\/wp-json\/wp\/v2\/pages\/9\/revisions"}],"predecessor-version":[{"id":8987,"href":"https:\/\/reteitalianaism.it\/reteism\/index.php\/wp-json\/wp\/v2\/pages\/9\/revisions\/8987"}],"wp:attachment":[{"href":"https:\/\/reteitalianaism.it\/reteism\/index.php\/wp-json\/wp\/v2\/media?parent=9"}],"curies":[{"name":"wp","href":"https:\/\/api.w.org\/{rel}","templated":true}]}}